{"id":59,"date":"2026-04-05T19:49:07","date_gmt":"2026-04-05T17:49:07","guid":{"rendered":"https:\/\/dhcentre.unibuc.ro\/?page_id=59"},"modified":"2026-04-05T19:56:40","modified_gmt":"2026-04-05T17:56:40","slug":"research-results","status":"publish","type":"page","link":"https:\/\/dhcentre.unibuc.ro\/index.php\/research-results\/","title":{"rendered":"Research Results"},"content":{"rendered":"\n<h3>Books<\/h3>\n<ul>\n<li>Dinu Anca Daniela. Digitalizarea \u00een \u015ftiin\u0163ele umaniste. 2025.<\/li>\n<\/ul>\n\n<h3>Selected Publications<\/h3>\n<ul>\n<li>ACL 2024 \u2013 Linguistic borrowing study<\/li>\n<li>EMNLP 2023 \u2013 RoBoCoP project<\/li>\n<li>RANLP, CLiC-it, PETRA \u2013 multiple publications (2021\u20132025)<\/li>\n<\/ul>\n\n<p>Full list available upon request or institutional CV.<\/p>\n","protected":false},"excerpt":{"rendered":"<p>Books Dinu Anca Daniela. Digitalizarea \u00een \u015ftiin\u0163ele umaniste. 2025. Selected Publications ACL 2024 \u2013 Linguistic borrowing study EMNLP 2023 \u2013 [&hellip;]<\/p>\n","protected":false},"author":1,"featured_media":0,"parent":0,"menu_order":0,"comment_status":"closed","ping_status":"closed","template":"","meta":{"site-sidebar-layout":"default","site-content-layout":"","ast-site-content-layout":"default","site-content-style":"default","site-sidebar-style":"default","ast-global-header-display":"","ast-banner-title-visibility":"","ast-main-header-display":"","ast-hfb-above-header-display":"","ast-hfb-below-header-display":"","ast-hfb-mobile-header-display":"","site-post-title":"","ast-breadcrumbs-content":"","ast-featured-img":"","footer-sml-layout":"","ast-disable-related-posts":"","theme-transparent-header-meta":"","adv-header-id-meta":"","stick-header-meta":"","header-above-stick-meta":"","header-main-stick-meta":"","header-below-stick-meta":"","astra-migrate-meta-layouts":"default","ast-page-background-enabled":"default","ast-page-background-meta":{"desktop":{"background-color":"var(--ast-global-color-4)","background-image":"","background-repeat":"repeat","background-position":"center center","background-size":"auto","background-attachment":"scroll","background-type":"","background-media":"","overlay-type":"","overlay-color":"","overlay-opacity":"","overlay-gradient":""},"tablet":{"background-color":"","background-image":"","background-repeat":"repeat","background-position":"center center","background-size":"auto","background-attachment":"scroll","background-type":"","background-media":"","overlay-type":"","overlay-color":"","overlay-opacity":"","overlay-gradient":""},"mobile":{"background-color":"","background-image":"","background-repeat":"repeat","background-position":"center center","background-size":"auto","background-attachment":"scroll","background-type":"","background-media":"","overlay-type":"","overlay-color":"","overlay-opacity":"","overlay-gradient":""}},"ast-content-background-meta":{"desktop":{"background-color":"var(--ast-global-color-5)","background-image":"","background-repeat":"repeat","background-position":"center center","background-size":"auto","background-attachment":"scroll","background-type":"","background-media":"","overlay-type":"","overlay-color":"","overlay-opacity":"","overlay-gradient":""},"tablet":{"background-color":"var(--ast-global-color-5)","background-image":"","background-repeat":"repeat","background-position":"center center","background-size":"auto","background-attachment":"scroll","background-type":"","background-media":"","overlay-type":"","overlay-color":"","overlay-opacity":"","overlay-gradient":""},"mobile":{"background-color":"var(--ast-global-color-5)","background-image":"","background-repeat":"repeat","background-position":"center center","background-size":"auto","background-attachment":"scroll","background-type":"","background-media":"","overlay-type":"","overlay-color":"","overlay-opacity":"","overlay-gradient":""}},"footnotes":""},"class_list":["post-59","page","type-page","status-publish","hentry"],"_links":{"self":[{"href":"https:\/\/dhcentre.unibuc.ro\/index.php\/wp-json\/wp\/v2\/pages\/59","targetHints":{"allow":["GET"]}}],"collection":[{"href":"https:\/\/dhcentre.unibuc.ro\/index.php\/wp-json\/wp\/v2\/pages"}],"about":[{"href":"https:\/\/dhcentre.unibuc.ro\/index.php\/wp-json\/wp\/v2\/types\/page"}],"author":[{"embeddable":true,"href":"https:\/\/dhcentre.unibuc.ro\/index.php\/wp-json\/wp\/v2\/users\/1"}],"replies":[{"embeddable":true,"href":"https:\/\/dhcentre.unibuc.ro\/index.php\/wp-json\/wp\/v2\/comments?post=59"}],"version-history":[{"count":2,"href":"https:\/\/dhcentre.unibuc.ro\/index.php\/wp-json\/wp\/v2\/pages\/59\/revisions"}],"predecessor-version":[{"id":67,"href":"https:\/\/dhcentre.unibuc.ro\/index.php\/wp-json\/wp\/v2\/pages\/59\/revisions\/67"}],"wp:attachment":[{"href":"https:\/\/dhcentre.unibuc.ro\/index.php\/wp-json\/wp\/v2\/media?parent=59"}],"curies":[{"name":"wp","href":"https:\/\/api.w.org\/{rel}","templated":true}]}}